{"id":14,"date":"2020-11-09T23:43:09","date_gmt":"2020-11-10T02:43:09","guid":{"rendered":"http:\/\/dbcorp.xyz\/?page_id=14"},"modified":"2023-02-26T20:42:53","modified_gmt":"2023-02-26T23:42:53","slug":"home","status":"publish","type":"page","link":"https:\/\/dbcorp.xyz\/","title":{"rendered":"robustas soluciones para ambientes creativos"},"content":{"rendered":"\n<p class=\"has-medium-font-size\">Cada necesidad es \u00fanica, como cada persona. Creamos y optimizamos ideas para su necesidad. De forma din\u00e1mica y amigable, para que su exclusiva dedicaci\u00f3n sea la creatividad y crecer en lo que hace.<\/p>\n\n\n\n<p><\/p>\n\n\n\n<div class=\"wp-block-media-text alignfull has-media-on-the-right is-stacked-on-mobile is-image-fill has-background\" style=\"background-color:#e8ecec;grid-template-columns:auto 30%\"><div class=\"wp-block-media-text__content\">\n<h1 class=\"has-text-align-left\">Sobre nosotros<\/h1>\n\n\n\n<p class=\"has-medium-font-size\">Somos un equipo de personas entusiastas de nuestro trabajo, con la meta en ir siempre un poco m\u00e1s all\u00e1 de los limites, brindando nuestro conocimiento y habilidad a nuestros clientes. Con formaci\u00f3n y experiencia en inform\u00e1tica, seguridad y electr\u00f3nica (Por ahora&#8230;)<\/p>\n\n\n\n<div class=\"is-horizontal is-content-justification-left is-layout-flex wp-container-1 wp-block-buttons\">\n<div class=\"wp-block-button is-style-outline\"><a class=\"wp-block-button__link no-border-radius wp-element-button\" href=\"https:\/\/dbcorp.xyz\/index.php\/about\/\" rel=\"\">Sobre nosotros<\/a><\/div>\n<\/div>\n\n\n\n<div class=\"is-horizontal is-content-justification-left is-layout-flex wp-container-2 wp-block-buttons\"><\/div>\n\n\n\n<p><\/p>\n<\/div><figure class=\"wp-block-media-text__media\" style=\"background-image:url(https:\/\/dbcorp.xyz\/wp-content\/uploads\/2021\/08\/krakenimages-376KN_ISplE-unsplash.jpg);background-position:60% 58%\"><img decoding=\"async\" src=\"https:\/\/dbcorp.xyz\/wp-content\/uploads\/2021\/08\/krakenimages-376KN_ISplE-unsplash.jpg\" alt=\"\" class=\"wp-image-59 size-full\"\/><\/figure><\/div>\n\n\n\n<p><\/p>\n\n\n\n<div class=\"wp-block-media-text alignfull is-stacked-on-mobile is-vertically-aligned-top is-image-fill\" style=\"grid-template-columns:45% auto\"><figure class=\"wp-block-media-text__media\" style=\"background-image:url(https:\/\/dbcorp.xyz\/wp-content\/uploads\/2021\/08\/ant-rozetsky-HXOllTSwrpM-unsplash-scaled.jpg);background-position:12% 45%\"><img decoding=\"async\" loading=\"lazy\" width=\"2560\" height=\"1440\" src=\"https:\/\/dbcorp.xyz\/wp-content\/uploads\/2021\/08\/ant-rozetsky-HXOllTSwrpM-unsplash-scaled.jpg\" alt=\"\" class=\"wp-image-58 size-full\" srcset=\"https:\/\/dbcorp.xyz\/wp-content\/uploads\/2021\/08\/ant-rozetsky-HXOllTSwrpM-unsplash-scaled.jpg 2560w, https:\/\/dbcorp.xyz\/wp-content\/uploads\/2021\/08\/ant-rozetsky-HXOllTSwrpM-unsplash-300x169.jpg 300w, https:\/\/dbcorp.xyz\/wp-content\/uploads\/2021\/08\/ant-rozetsky-HXOllTSwrpM-unsplash-1024x576.jpg 1024w, https:\/\/dbcorp.xyz\/wp-content\/uploads\/2021\/08\/ant-rozetsky-HXOllTSwrpM-unsplash-768x432.jpg 768w, https:\/\/dbcorp.xyz\/wp-content\/uploads\/2021\/08\/ant-rozetsky-HXOllTSwrpM-unsplash-1536x864.jpg 1536w, https:\/\/dbcorp.xyz\/wp-content\/uploads\/2021\/08\/ant-rozetsky-HXOllTSwrpM-unsplash-2048x1152.jpg 2048w\" sizes=\"(max-width: 2560px) 100vw, 2560px\" \/><\/figure><div class=\"wp-block-media-text__content\">\n<h2>Nuestros Servicios<\/h2>\n\n\n\n<p> Dedicamos a desarrollar, capacitar y mejorar aspectos claves en la inform\u00e1tica y el an\u00e1lisis de datos. Desde planificar la infraestructura, hacerla \u00fatil y simplemente administrable a crear soluciones a medida. Implementaciones de software y hardware, aspectos de ciberseguridad y Defensive Security. Los invitamos a contactarnos.<\/p>\n\n\n\n<div class=\"is-layout-flex wp-block-buttons\"><\/div>\n\n\n\n<div class=\"is-layout-flex wp-block-buttons\">\n<div class=\"wp-block-button is-style-outline\"><a class=\"wp-block-button__link has-black-color has-white-background-color has-text-color has-background no-border-radius wp-element-button\">soluciones<\/a><\/div>\n<\/div>\n<\/div><\/div>\n\n\n\n<p><\/p>\n\n\n<style type=\"text\/css\">.zoom-instagram.feed-181{font-size:14px!important;padding:1px!important;}.zoom-instagram.feed-181 .zoom-instagram-widget__items{display:grid!important;grid-template-columns:repeat(3,1fr);}.zoom-instagram.feed-181 .zoom-instagram-widget__items{gap:10px!important;}<\/style>\n&#8230;\n\n\n<p><\/p>\n","protected":false},"excerpt":{"rendered":"<p>Cada necesidad es \u00fanica, como cada persona. Creamos y optimizamos ideas para su necesidad. De forma din\u00e1mica y amigable, para que su exclusiva dedicaci\u00f3n sea la creatividad y crecer en lo que hace.<\/p>\n","protected":false},"author":1,"featured_media":0,"parent":0,"menu_order":0,"comment_status":"closed","ping_status":"closed","template":"","meta":[],"_links":{"self":[{"href":"https:\/\/dbcorp.xyz\/index.php\/wp-json\/wp\/v2\/pages\/14"}],"collection":[{"href":"https:\/\/dbcorp.xyz\/index.php\/wp-json\/wp\/v2\/pages"}],"about":[{"href":"https:\/\/dbcorp.xyz\/index.php\/wp-json\/wp\/v2\/types\/page"}],"author":[{"embeddable":true,"href":"https:\/\/dbcorp.xyz\/index.php\/wp-json\/wp\/v2\/users\/1"}],"replies":[{"embeddable":true,"href":"https:\/\/dbcorp.xyz\/index.php\/wp-json\/wp\/v2\/comments?post=14"}],"version-history":[{"count":38,"href":"https:\/\/dbcorp.xyz\/index.php\/wp-json\/wp\/v2\/pages\/14\/revisions"}],"predecessor-version":[{"id":193,"href":"https:\/\/dbcorp.xyz\/index.php\/wp-json\/wp\/v2\/pages\/14\/revisions\/193"}],"wp:attachment":[{"href":"https:\/\/dbcorp.xyz\/index.php\/wp-json\/wp\/v2\/media?parent=14"}],"curies":[{"name":"wp","href":"https:\/\/api.w.org\/{rel}","templated":true}]}}