{"id":7,"date":"2020-11-09T23:43:09","date_gmt":"2020-11-09T23:43:09","guid":{"rendered":"http:\/\/dbcorp.xyz\/?page_id=7"},"modified":"2021-08-10T01:55:55","modified_gmt":"2021-08-10T01:55:55","slug":"about","status":"publish","type":"page","link":"https:\/\/dbcorp.xyz\/index.php\/about\/","title":{"rendered":"Sobre nosotros"},"content":{"rendered":"\n<p class=\"has-gray-color has-yellow-background-color has-text-color has-background\">Desarrollamos, creamos, optimizamos y analizamos soluciones. Tambi\u00e9n capacitamos y acompa\u00f1amos en la mejora cont\u00ednua.<\/p>\n","protected":false},"excerpt":{"rendered":"<p>Desarrollamos, creamos, optimizamos y analizamos soluciones. Tambi\u00e9n capacitamos y acompa\u00f1amos en la mejora cont\u00ednua.<\/p>\n","protected":false},"author":1,"featured_media":0,"parent":0,"menu_order":0,"comment_status":"closed","ping_status":"closed","template":"","meta":[],"_links":{"self":[{"href":"https:\/\/dbcorp.xyz\/index.php\/wp-json\/wp\/v2\/pages\/7"}],"collection":[{"href":"https:\/\/dbcorp.xyz\/index.php\/wp-json\/wp\/v2\/pages"}],"about":[{"href":"https:\/\/dbcorp.xyz\/index.php\/wp-json\/wp\/v2\/types\/page"}],"author":[{"embeddable":true,"href":"https:\/\/dbcorp.xyz\/index.php\/wp-json\/wp\/v2\/users\/1"}],"replies":[{"embeddable":true,"href":"https:\/\/dbcorp.xyz\/index.php\/wp-json\/wp\/v2\/comments?post=7"}],"version-history":[{"count":5,"href":"https:\/\/dbcorp.xyz\/index.php\/wp-json\/wp\/v2\/pages\/7\/revisions"}],"predecessor-version":[{"id":94,"href":"https:\/\/dbcorp.xyz\/index.php\/wp-json\/wp\/v2\/pages\/7\/revisions\/94"}],"wp:attachment":[{"href":"https:\/\/dbcorp.xyz\/index.php\/wp-json\/wp\/v2\/media?parent=7"}],"curies":[{"name":"wp","href":"https:\/\/api.w.org\/{rel}","templated":true}]}}